{"id":3129,"date":"2024-12-10T12:58:44","date_gmt":"2024-12-10T11:58:44","guid":{"rendered":"https:\/\/lawebdehumada.es\/?page_id=3129"},"modified":"2025-11-14T11:27:43","modified_gmt":"2025-11-14T10:27:43","slug":"indice-de-contenidos","status":"publish","type":"page","link":"https:\/\/lawebdehumada.es\/?page_id=3129","title":{"rendered":"\u00cdNDICE DE CONTENIDOS"},"content":{"rendered":"\n<p><strong>PUEDES ACCEDER AL CONTENIDO HACIENDO CLIK EN EL T\u00cdTULO DEL ART\u00cdCULO<\/strong><\/p>\n\n\n\n<ul class=\"wp-block-list\">\n<li><strong>INICIO<\/strong>\n<ul class=\"wp-block-list\">\n<li><a href=\"https:\/\/lawebdehumada.es\/?page_id=2984\">Portada<\/a><\/li>\n\n\n\n<li><a href=\"https:\/\/lawebdehumada.es\/\">Bienvenidos<\/a><\/li>\n\n\n\n<li><a href=\"https:\/\/lawebdehumada.es\/?page_id=2928\">Situaci\u00f3n<\/a><\/li>\n\n\n\n<li><a href=\"https:\/\/lawebdehumada.es\/?page_id=2933\">Escudo<\/a><\/li>\n<\/ul>\n<\/li>\n\n\n\n<li><strong>\u00daLTIMA HORA<\/strong>\n<ul class=\"wp-block-list\">\n<li><a href=\"https:\/\/lawebdehumada.es\/?p=5162\">Fiesta de S. Miguel 2025<\/a><\/li>\n\n\n\n<li><a href=\"https:\/\/lawebdehumada.es\/?p=5219\">VI BTT Valdehumada<\/a><\/li>\n\n\n\n<li><a href=\"https:\/\/lawebdehumada.es\/?p=5177\">Fiesta del verano 2025<\/a><\/li>\n\n\n\n<li><a href=\"https:\/\/lawebdehumada.es\/?p=5172\">Vuelta a Burgos 2025 por Valdehumada<\/a><\/li>\n\n\n\n<li><a href=\"https:\/\/lawebdehumada.es\/?p=2009\">Fiesta de S. Miguel 2024<\/a><\/li>\n\n\n\n<li><a href=\"https:\/\/lawebdehumada.es\/?p=2334\">Los vecinos de Valdehumada solicitan la instalaci\u00f3n de fibra \u00f3ptica (30-08-2024)<\/a><\/li>\n\n\n\n<li><a href=\"https:\/\/lawebdehumada.es\/?p=3408\">Rastrillo solidario (8-08-2024)<\/a><\/li>\n\n\n\n<li><a href=\"https:\/\/lawebdehumada.es\/?p=2714\">Fiesta de San Juan (23-06-2024)<\/a><\/li>\n<\/ul>\n<\/li>\n\n\n\n<li><strong>HUMADA A TRAV\u00c9S DE SU PAISAJE<\/strong>\n<ul class=\"wp-block-list\">\n<li><a href=\"https:\/\/lawebdehumada.es\/?p=3906\">Humada a trav\u00e9s de su paisaje (v\u00eddeo)<\/a><\/li>\n<\/ul>\n<\/li>\n\n\n\n<li><strong>EL HOSPITAL DEL REY Y SU PATRIMONIO EN HUMADA<\/strong>\n<ul class=\"wp-block-list\">\n<li><a href=\"https:\/\/lawebdehumada.es\/?p=4591\">El Hospital del Rey, su patrimonio en Humada<\/a><\/li>\n\n\n\n<li><a href=\"https:\/\/lawebdehumada.es\/?p=4616\">Certificado de posesi\u00f3n de fincas del Hospital del Rey en Humada (13-08-1913)<\/a> <\/li>\n\n\n\n<li><a href=\"https:\/\/lawebdehumada.es\/?p=3834\">C\u00e9dulas individuales catastro de r\u00fastica del Hospital del Rey en Humada<\/a><\/li>\n\n\n\n<li><a href=\"https:\/\/lawebdehumada.es\/?p=573\">Documento<\/a><\/li>\n\n\n\n<li><a href=\"https:\/\/lawebdehumada.es\/?p=579\">Arrendamiento fincas de Hospital<\/a><\/li>\n<\/ul>\n<\/li>\n\n\n\n<li><strong>EL LINAJE HUMADA<\/strong>\n<ul class=\"wp-block-list\">\n<li><a href=\"https:\/\/lawebdehumada.es\/?p=1256\">Genealog\u00eda familia Ahumada<\/a><\/li>\n\n\n\n<li><a href=\"https:\/\/lawebdehumada.es\/?p=1253\">El apellido Humada<\/a><\/li>\n<\/ul>\n<\/li>\n\n\n\n<li><strong>DOCUMENTOS HIST\u00d3RICOS<\/strong>\n<ul class=\"wp-block-list\">\n<li><strong>Hist\u00f3ricos<\/strong> <strong>I<\/strong>\n<ul class=\"wp-block-list\">\n<li><a href=\"https:\/\/lawebdehumada.es\/?p=2821\">Humada, apuntes hist\u00f3ricos<\/a><\/li>\n\n\n\n<li><a href=\"https:\/\/lawebdehumada.es\/?p=2827\">Nuestros antepasados los c\u00e1ntabros<\/a><\/li>\n\n\n\n<li><a href=\"https:\/\/lawebdehumada.es\/?p=278\">Cartulario del infantado de Covarrubias (950)<\/a><\/li>\n\n\n\n<li><a href=\"https:\/\/lawebdehumada.es\/?p=284\">El Condado de Castilla a la muerte de Fern\u00e1n Gonz\u00e1lez (971)<\/a><\/li>\n\n\n\n<li><a href=\"https:\/\/lawebdehumada.es\/?p=332\">El se\u00f1or\u00edo de Fuenteodra (1.237-1.521)<\/a><\/li>\n<\/ul>\n<\/li>\n\n\n\n<li><strong>Hist\u00f3ricos II<\/strong>\n<ul class=\"wp-block-list\">\n<li><a href=\"https:\/\/lawebdehumada.es\/?p=4113\">Despoblados de la merindad de Villadiego (1348)<\/a><\/li>\n\n\n\n<li><a href=\"https:\/\/lawebdehumada.es\/?p=392\">El despoblado de Berzosa en Valdelucio (1.488)<\/a><\/li>\n\n\n\n<li><a href=\"https:\/\/lawebdehumada.es\/?p=400\">Donaci\u00f3n al monasterio de Sta. Mar\u00eda del Brezo en Valdelucio (1.496)<\/a><\/li>\n\n\n\n<li><a href=\"https:\/\/lawebdehumada.es\/?p=366\">Las jurisdicciones en la merindad de Villadiego<\/a><\/li>\n\n\n\n<li><a href=\"https:\/\/lawebdehumada.es\/?p=376\">Las crisis de 1.507, 1518 y 1.530<\/a><\/li>\n<\/ul>\n<\/li>\n\n\n\n<li><strong>Hist\u00f3ricos III<\/strong>\n<ul class=\"wp-block-list\">\n<li><a href=\"https:\/\/lawebdehumada.es\/?p=311\">Conflictos con la merindad de Villadiego (1524)<\/a><\/li>\n\n\n\n<li><a href=\"https:\/\/lawebdehumada.es\/?p=386\">San Mam\u00e9s de Abar contra los merinos de Villadiego (1.528-1.559)<\/a><\/li>\n\n\n\n<li><a href=\"https:\/\/lawebdehumada.es\/?p=362\">La jurisdicci\u00f3n de Amaya (1.537)<\/a><\/li>\n\n\n\n<li><a href=\"https:\/\/lawebdehumada.es\/?p=346\">El valle de Valdelucio contra los merinos de Villadiego (1542-1561)<\/a><\/li>\n\n\n\n<li><a href=\"https:\/\/lawebdehumada.es\/?p=316\">Demanda de Valdelucio contra la Justicia de Villadiego (1580-1584)<\/a><\/li>\n<\/ul>\n<\/li>\n\n\n\n<li><strong>Hist\u00f3ricos IV<\/strong>\n<ul class=\"wp-block-list\">\n<li><a href=\"https:\/\/lawebdehumada.es\/?p=337\">El tributo de los Galeotes en la merindad de Villadiego (1.597)<\/a><\/li>\n\n\n\n<li><a href=\"https:\/\/lawebdehumada.es\/?p=380\">Lugares de behetr\u00eda en la merindad de Villadiego<\/a><\/li>\n\n\n\n<li><a href=\"https:\/\/lawebdehumada.es\/?p=287\">Humada seg\u00fan el catastro de la Ensenada (1.752)<\/a><\/li>\n\n\n\n<li><a href=\"https:\/\/lawebdehumada.es\/?p=301\">Humada seg\u00fan el diccionario Madoz (1.845-1850)<\/a><\/li>\n\n\n\n<li><a href=\"https:\/\/lawebdehumada.es\/?p=404\">El linaje de los Lucio-Villegas<\/a><\/li>\n\n\n\n<li><a href=\"https:\/\/lawebdehumada.es\/?p=326\">El patr\u00f3n de poblamiento de las Loras<\/a><\/li>\n<\/ul>\n<\/li>\n<\/ul>\n<\/li>\n\n\n\n<li><strong>DOCUMENTOS DIVERSOS<\/strong>\n<ul class=\"wp-block-list\">\n<li><strong>Documentos<\/strong> <strong>Diversos I<\/strong>\n<ul class=\"wp-block-list\">\n<li><a href=\"https:\/\/lawebdehumada.es\/?p=413\">El amillaramiento<\/a><\/li>\n\n\n\n<li><a href=\"https:\/\/lawebdehumada.es\/?p=433\">Autorizaci\u00f3n apertura luceras<\/a><\/li>\n\n\n\n<li><a href=\"https:\/\/lawebdehumada.es\/?p=439\">El seguro obligatorio de vejez o invalidez (SOVI)<\/a><\/li>\n\n\n\n<li><a href=\"https:\/\/lawebdehumada.es\/?p=443\">Carnet nacional-sindicalista<\/a><\/li>\n<\/ul>\n<\/li>\n\n\n\n<li><strong>Documentos<\/strong> <strong>Diversos II<\/strong>\n<ul class=\"wp-block-list\">\n<li><a href=\"https:\/\/lawebdehumada.es\/?p=766\">Acta comisi\u00f3n carretera Humada &#8211; Villela<\/a><\/li>\n\n\n\n<li><a href=\"https:\/\/lawebdehumada.es\/?p=458\">La c\u00e9dula personal<\/a><\/li>\n\n\n\n<li><a href=\"https:\/\/lawebdehumada.es\/?p=470\">Certificado de titularidad<\/a><\/li>\n\n\n\n<li><a href=\"https:\/\/lawebdehumada.es\/?p=461\">Ni\u00f1os escolarizados<\/a><\/li>\n<\/ul>\n<\/li>\n\n\n\n<li><strong>Documentos<\/strong> <strong>Diversos III<\/strong>\n<ul class=\"wp-block-list\">\n<li><a href=\"https:\/\/lawebdehumada.es\/?p=473\">Consulta<\/a><\/li>\n\n\n\n<li><a href=\"https:\/\/lawebdehumada.es\/?p=476\">Documento compraventa fincas<\/a><\/li>\n\n\n\n<li><a href=\"https:\/\/lawebdehumada.es\/?p=491\">Factura radio<\/a><\/li>\n<\/ul>\n<\/li>\n\n\n\n<li><strong>Documentos<\/strong> <strong>Diversos IV<\/strong>\n<ul class=\"wp-block-list\">\n<li><a href=\"https:\/\/lawebdehumada.es\/?p=494\">Informaci\u00f3n posesoria<\/a><\/li>\n\n\n\n<li><a href=\"https:\/\/lawebdehumada.es\/?p=516\">Instancia pensi\u00f3n de viudedad<\/a><\/li>\n\n\n\n<li><a href=\"https:\/\/lawebdehumada.es\/?p=539\">Instancia admisi\u00f3n zona patata de siembra<\/a><\/li>\n\n\n\n<li><a href=\"https:\/\/lawebdehumada.es\/?p=550\">Seguro dote infantil<\/a><\/li>\n<\/ul>\n<\/li>\n\n\n\n<li><strong>Documentos<\/strong> <strong>Diversos V<\/strong>\n<ul class=\"wp-block-list\">\n<li><a href=\"https:\/\/lawebdehumada.es\/?p=1053\">Documento de permuta<\/a><\/li>\n\n\n\n<li><a href=\"https:\/\/lawebdehumada.es\/?p=1058\">Documento compraventa casa<\/a><\/li>\n\n\n\n<li><a href=\"https:\/\/lawebdehumada.es\/?p=1067\">Certificado cr\u00edmenes en zona roja 1941<\/a><\/li>\n\n\n\n<li><a href=\"https:\/\/lawebdehumada.es\/?p=607\">La contrata<\/a><\/li>\n<\/ul>\n<\/li>\n<\/ul>\n<\/li>\n\n\n\n<li><strong>TRADICIONES<\/strong>\n<ul class=\"wp-block-list\">\n<li><strong>Tradiciones I<\/strong>\n<ul class=\"wp-block-list\">\n<li><a href=\"https:\/\/lawebdehumada.es\/?p=882\">Los reyes magos<\/a><\/li>\n\n\n\n<li><a href=\"https:\/\/lawebdehumada.es\/?p=887\">Los santos reyes<\/a><\/li>\n\n\n\n<li><a href=\"https:\/\/lawebdehumada.es\/?p=896\">Las marzas (los sacramentos del amor)<\/a><\/li>\n\n\n\n<li><a href=\"https:\/\/lawebdehumada.es\/?p=900\">Los sacramentos de la Iglesia<\/a><\/li>\n<\/ul>\n<\/li>\n\n\n\n<li><strong>Tradiciones II<\/strong>\n<ul class=\"wp-block-list\">\n<li><a href=\"https:\/\/lawebdehumada.es\/?p=903\">Los mandamientos del amor<\/a><\/li>\n\n\n\n<li><a href=\"https:\/\/lawebdehumada.es\/?p=912\">Los mandamientos de la ley de Dios<\/a><\/li>\n\n\n\n<li><a href=\"https:\/\/lawebdehumada.es\/?p=915\">Las \u00abalbericias\u00bb<\/a><\/li>\n\n\n\n<li><a href=\"https:\/\/lawebdehumada.es\/?p=921\">Las \u00abalbericias\u00bb (versi\u00f3n ampliada)<\/a><\/li>\n<\/ul>\n<\/li>\n<\/ul>\n<\/li>\n\n\n\n<li><strong>CANCIONES RELIGIOSAS<\/strong>\n<ul class=\"wp-block-list\">\n<li><a href=\"https:\/\/lawebdehumada.es\/?p=930\">Viacrucis I<\/a><\/li>\n\n\n\n<li><a href=\"https:\/\/lawebdehumada.es\/?p=953\">Viacrucis II<\/a><\/li>\n<\/ul>\n<\/li>\n\n\n\n<li><strong>EL CASTRO DE LA ULA\u00d1A<\/strong>\n<ul class=\"wp-block-list\">\n<li><strong>El castro de la Ula\u00f1a I<\/strong>\n<ul class=\"wp-block-list\">\n<li><a href=\"https:\/\/lawebdehumada.es\/?p=1085\">El castro de la Ula\u00f1a<\/a><\/li>\n\n\n\n<li><a href=\"https:\/\/lawebdehumada.es\/?p=1095\">Un castro en la frontera de los c\u00e1ntabros<\/a><\/li>\n\n\n\n<li><a href=\"https:\/\/lawebdehumada.es\/?p=795\">El castro de la Ula\u00f1a, complejo arqueol\u00f3gico de gran importancia<\/a><\/li>\n\n\n\n<li><a href=\"https:\/\/lawebdehumada.es\/?p=1120\">El \u00aboppidum\u00bb de la Ula\u00f1a en la frontera de los c\u00e1ntabros.<\/a><\/li>\n<\/ul>\n<\/li>\n\n\n\n<li><strong>El castro de la Ula\u00f1a II<\/strong>\n<ul class=\"wp-block-list\">\n<li><a href=\"https:\/\/lawebdehumada.es\/?p=1135\">Los arque\u00f3logos concluyen una campa\u00f1a de investigaci\u00f3n en la Ula\u00f1a<\/a><\/li>\n\n\n\n<li><a href=\"https:\/\/lawebdehumada.es\/?p=1139\">El castro de la Ula\u00f1a, primeros resultados<\/a><\/li>\n\n\n\n<li><a href=\"https:\/\/lawebdehumada.es\/?p=1147\">Consideraciones econ\u00f3micas sobre el castro de la Ula\u00f1a<\/a><\/li>\n\n\n\n<li><a href=\"https:\/\/lawebdehumada.es\/?p=1157\">El sistema defensivo del castro de la Ula\u00f1a<\/a><\/li>\n\n\n\n<li><a href=\"https:\/\/lawebdehumada.es\/?p=1175\">Nuevos hallazgos de la \u00e9poca de los c\u00e1ntabros<\/a><\/li>\n\n\n\n<li><a href=\"https:\/\/lawebdehumada.es\/?p=806\">Pe\u00f1a Ula\u00f1a, para\u00edso convertido en roca<\/a><\/li>\n\n\n\n<li><a href=\"https:\/\/lawebdehumada.es\/?p=859\">Hallan once nuevos castros que podr\u00edan reinterpretar la historia de las guerras c\u00e1ntabras<\/a><\/li>\n\n\n\n<li><a href=\"https:\/\/lawebdehumada.es\/?p=1197\">Medio centenar de castros afianzan la historia de Las Loras<\/a><\/li>\n<\/ul>\n<\/li>\n\n\n\n<li><strong>El castro de la Ula\u00f1a III<\/strong>\n<ul class=\"wp-block-list\">\n<li><a href=\"https:\/\/lawebdehumada.es\/?p=1179\">Descubiertos once nuevos castros en el norte de Burgos<\/a><\/li>\n\n\n\n<li><a href=\"https:\/\/lawebdehumada.es\/?p=1187\">Los castros del territorio de la Cantabria antigua<\/a><\/li>\n\n\n\n<li><a href=\"https:\/\/lawebdehumada.es\/?p=1190\">Treinta asentamientos de la Edad del Bronce en las Loras<\/a><\/li>\n\n\n\n<li><a href=\"https:\/\/lawebdehumada.es\/?p=664\">Recorrido por los castros c\u00e1ntabros del norte de Burgos.<\/a><\/li>\n<\/ul>\n<\/li>\n\n\n\n<li><strong>El castro de la Ula\u00f1a IV<\/strong>\n<ul class=\"wp-block-list\">\n<li><a href=\"https:\/\/lawebdehumada.es\/?p=1201\">Pe\u00f1a Amaya y pe\u00f1a Ula\u00f1a, toponimia y arqueolog\u00eda prerromanas<\/a><\/li>\n\n\n\n<li><a href=\"https:\/\/lawebdehumada.es\/?p=1204\">Los castros c\u00e1ntabros de Las Loras recogidos en un libro<\/a><\/li>\n<\/ul>\n<\/li>\n\n\n\n<li><strong>El castro de la Ula\u00f1a V (v\u00eddeos)<\/strong>\n<ul class=\"wp-block-list\">\n<li><a href=\"https:\/\/lawebdehumada.es\/?p=1229\">Las guerras c\u00e1ntabras<\/a><\/li>\n\n\n\n<li><a href=\"https:\/\/lawebdehumada.es\/?p=1237\">Los castros c\u00e1ntabros en Las Loras<\/a><\/li>\n<\/ul>\n<\/li>\n<\/ul>\n<\/li>\n\n\n\n<li><strong>LUGARES DE INTER\u00c9S<\/strong>\n<ul class=\"wp-block-list\">\n<li><a href=\"https:\/\/lawebdehumada.es\/?p=1027\">La ermita del Barrio (actual cementerio)<\/a><\/li>\n\n\n\n<li><a href=\"https:\/\/lawebdehumada.es\/?p=1046\">Ventanas notables<\/a><\/li>\n\n\n\n<li><a href=\"https:\/\/lawebdehumada.es\/?p=806\">Pe\u00f1a Ula\u00f1a, para\u00edso convertido en roca<\/a><\/li>\n\n\n\n<li><a href=\"https:\/\/lawebdehumada.es\/?p=1274\">El sendero de los Pisc\u00e1rdanos<\/a><\/li>\n\n\n\n<li><a href=\"https:\/\/lawebdehumada.es\/?p=1414\">Por las fuentes del Odra<\/a><\/li>\n<\/ul>\n<\/li>\n\n\n\n<li><strong>HUMADA EN LOS MEDIOS DE COMUNICACI\u00d3N<\/strong>\n<ul class=\"wp-block-list\">\n<li><a href=\"https:\/\/lawebdehumada.es\/?p=615\">Cabecera del Odra y referente de Las Loras (El correo, 30-07-2015)<\/a><\/li>\n\n\n\n<li><a href=\"https:\/\/lawebdehumada.es\/?p=622\">En el coraz\u00f3n de Las Loras (El correo de Burgos, 21-11-2011)<\/a><\/li>\n\n\n\n<li><a href=\"https:\/\/lawebdehumada.es\/?p=640\">Las Loras, una atractiva comarca (Diario de Burgos, 2-04-199)<\/a><\/li>\n\n\n\n<li><a href=\"https:\/\/lawebdehumada.es\/?p=650\">Valles de Valdelucio, Rebolledo y Humada (Diario de Burgos)<\/a><\/li>\n<\/ul>\n<\/li>\n\n\n\n<li><strong>ACUERDOS CONCEJILES<\/strong><\/li>\n\n\n\n<li><strong>Actas<\/strong>\n<ul class=\"wp-block-list\">\n<li><a href=\"https:\/\/lawebdehumada.es\/?p=3798\">Sesi\u00f3n ordinaria y estado de cuentas (22 junio 1991)<\/a><\/li>\n\n\n\n<li><a href=\"https:\/\/lawebdehumada.es\/?p=4222\">Actas 1958<\/a><\/li>\n\n\n\n<li><a href=\"https:\/\/lawebdehumada.es\/?p=4218\">Actas 1957<\/a><\/li>\n\n\n\n<li><a href=\"https:\/\/lawebdehumada.es\/?p=4216\">Actas 1956<\/a><\/li>\n\n\n\n<li><a href=\"https:\/\/lawebdehumada.es\/?p=4207\">Actas 1955<\/a><\/li>\n\n\n\n<li><a href=\"https:\/\/lawebdehumada.es\/?p=4198\">Actas 1954<\/a><\/li>\n\n\n\n<li><a href=\"https:\/\/lawebdehumada.es\/?p=4195\">Actas 1953<\/a><\/li>\n\n\n\n<li><a href=\"https:\/\/lawebdehumada.es\/?p=3783\">Acta 1950 (cuota por matrimonio)<\/a><\/li>\n\n\n\n<li><a href=\"https:\/\/lawebdehumada.es\/?p=607\">La contrata (1962)<\/a><\/li>\n<\/ul>\n<\/li>\n\n\n\n<li><strong>COMPOSICIONES PO\u00c9TICAS<\/strong>\n<ul class=\"wp-block-list\">\n<li><strong>Composiciones po\u00e9ticas I<\/strong>\n<ul class=\"wp-block-list\">\n<li><a href=\"https:\/\/lawebdehumada.es\/?p=991\">\u00a1Oh, Virgen sin mancha!<\/a><\/li>\n\n\n\n<li><a href=\"https:\/\/lawebdehumada.es\/?p=987\">Beso de Espa\u00f1a al Papa<\/a><\/li>\n\n\n\n<li><a href=\"https:\/\/lawebdehumada.es\/?p=985\">Bienvenida a nuestro p\u00e1rroco<\/a><\/li>\n\n\n\n<li><a href=\"https:\/\/lawebdehumada.es\/?p=996\">Canci\u00f3n pastoril<\/a><\/li>\n<\/ul>\n<\/li>\n\n\n\n<li><strong>Composiciones po\u00e9ticas II<\/strong>\n<ul class=\"wp-block-list\">\n<li><a href=\"https:\/\/lawebdehumada.es\/?p=1010\">Partido de Villadiego<\/a><\/li>\n\n\n\n<li><a href=\"https:\/\/lawebdehumada.es\/?p=1007\">Escritos del Sr. Joaqu\u00edn<\/a><\/li>\n\n\n\n<li><a href=\"https:\/\/lawebdehumada.es\/?p=1021\">Veladas teatrales<\/a><\/li>\n<\/ul>\n<\/li>\n<\/ul>\n<\/li>\n\n\n\n<li><strong>FOTOTECA<\/strong>\n<ul class=\"wp-block-list\">\n<li><a href=\"https:\/\/lawebdehumada.es\/?page_id=3587\">Fotos de Humada<\/a><\/li>\n<\/ul>\n<\/li>\n\n\n\n<li><strong>CUALQUIER TIEMPO PASADO FUE &#8230;<\/strong>\n<ul class=\"wp-block-list\">\n<li><a href=\"https:\/\/lawebdehumada.es\/?p=3484\">Habitantes en Humada en los a\u00f1os 60-70 del siglo pasado<\/a><\/li>\n<\/ul>\n<\/li>\n\n\n\n<li><strong>SUBVENCIONES DIPUTACI\u00d3N DE BURGOS<\/strong>\n<ul class=\"wp-block-list\">\n<li>Subvenci\u00f3n PLAN ENTIDADES LOCALES MENORES (PEL)<\/li>\n<\/ul>\n<\/li>\n\n\n\n<li><strong>RUTAS<\/strong>\n<ul class=\"wp-block-list\">\n<li><strong>Senderismo<\/strong>\n<ul class=\"wp-block-list\">\n<li><a href=\"https:\/\/lawebdehumada.es\/?p=1274\">El sendero de los Pisc\u00e1rdanos<\/a><\/li>\n\n\n\n<li><a href=\"https:\/\/lawebdehumada.es\/?p=1301\">Pe\u00f1a Amaya<\/a><\/li>\n\n\n\n<li><a href=\"https:\/\/lawebdehumada.es\/?p=1342\">Pe\u00f1a Castillo<\/a><\/li>\n\n\n\n<li><a href=\"https:\/\/lawebdehumada.es\/?p=1362\">Por las loras de Burgos<\/a><\/li>\n\n\n\n<li><a href=\"https:\/\/lawebdehumada.es\/?p=1372\">Pe\u00f1a Ula\u00f1a<\/a><\/li>\n\n\n\n<li><a href=\"https:\/\/lawebdehumada.es\/?p=1414\">Por las fuentes del Odra: Cascada Yeguamea<\/a><\/li>\n<\/ul>\n<\/li>\n\n\n\n<li><strong>Mountain Bike<\/strong>\n<ul class=\"wp-block-list\">\n<li><a href=\"https:\/\/lawebdehumada.es\/?p=1438\">Por tierras de Villadiego y Humada BTT<\/a><\/li>\n\n\n\n<li>Quedadas BTT por Valdehumada\n<ul class=\"wp-block-list\">\n<li><a href=\"https:\/\/lawebdehumada.es\/?p=4789\">V Quedada por Valdehumada (11-08-2024)<\/a><\/li>\n\n\n\n<li>IV Quedada por Valdehumada (6-08-2023)\n<ul class=\"wp-block-list\">\n<li>Relieve<\/li>\n\n\n\n<li>V\u00eddeo<\/li>\n<\/ul>\n<\/li>\n\n\n\n<li>III Quedada por Valdehumada (20-08-2022)<\/li>\n\n\n\n<li>II Quedada por Valdehumada (22-08-2021)<\/li>\n\n\n\n<li><a href=\"https:\/\/lawebdehumada.es\/?p=4781\">I Quedada por Valdehumada (8-08-2020)<\/a><\/li>\n<\/ul>\n<\/li>\n<\/ul>\n<\/li>\n<\/ul>\n<\/li>\n\n\n\n<li><strong><a href=\"https:\/\/lawebdehumada.es\/?page_id=4911\">LISTADO LIBROS BIBLIOTECA VALDEHUMADA (17-07-2024)<\/a><\/strong><\/li>\n\n\n\n<li><strong>VOCABULARIO POPULAR<\/strong>\n<ul class=\"wp-block-list\">\n<li><a href=\"https:\/\/lawebdehumada.es\/?p=2288\">Vocabulario popular<\/a><\/li>\n<\/ul>\n<\/li>\n\n\n\n<li><strong>TEL\u00c9FONOS DE INTER\u00c9S<\/strong>\n<ul class=\"wp-block-list\">\n<li><a href=\"https:\/\/lawebdehumada.es\/telefonos-de-interes\/\">Tel\u00e9fonos de inter\u00e9s<\/a><\/li>\n<\/ul>\n<\/li>\n\n\n\n<li><strong>TU OPINI\u00d3N TAMBI\u00c9N CUENTA<\/strong>\n<ul class=\"wp-block-list\">\n<li><a href=\"https:\/\/lawebdehumada.es\/?p=4027\">Danos tus opiniones, colaboraci\u00f3nes, sugerencias, quejas, &#8230;<\/a><\/li>\n<\/ul>\n<\/li>\n<\/ul>\n\n\n\n<p><\/p>\n","protected":false},"excerpt":{"rendered":"<p>PUEDES &hellip; <\/p>\n","protected":false},"author":1,"featured_media":0,"parent":0,"menu_order":0,"comment_status":"closed","ping_status":"closed","template":"","meta":{"h5ap_radio_sources":[],"footnotes":""},"class_list":["post-3129","page","type-page","status-publish","hentry"],"_links":{"self":[{"href":"https:\/\/lawebdehumada.es\/index.php?rest_route=\/wp\/v2\/pages\/3129","targetHints":{"allow":["GET"]}}],"collection":[{"href":"https:\/\/lawebdehumada.es\/index.php?rest_route=\/wp\/v2\/pages"}],"about":[{"href":"https:\/\/lawebdehumada.es\/index.php?rest_route=\/wp\/v2\/types\/page"}],"author":[{"embeddable":true,"href":"https:\/\/lawebdehumada.es\/index.php?rest_route=\/wp\/v2\/users\/1"}],"replies":[{"embeddable":true,"href":"https:\/\/lawebdehumada.es\/index.php?rest_route=%2Fwp%2Fv2%2Fcomments&post=3129"}],"version-history":[{"count":186,"href":"https:\/\/lawebdehumada.es\/index.php?rest_route=\/wp\/v2\/pages\/3129\/revisions"}],"predecessor-version":[{"id":5224,"href":"https:\/\/lawebdehumada.es\/index.php?rest_route=\/wp\/v2\/pages\/3129\/revisions\/5224"}],"wp:attachment":[{"href":"https:\/\/lawebdehumada.es\/index.php?rest_route=%2Fwp%2Fv2%2Fmedia&parent=3129"}],"curies":[{"name":"wp","href":"https:\/\/api.w.org\/{rel}","templated":true}]}}