{"id":3681,"date":"2024-12-26T21:27:13","date_gmt":"2024-12-26T20:27:13","guid":{"rendered":"https:\/\/lawebdehumada.es\/?page_id=3681"},"modified":"2025-02-28T12:46:43","modified_gmt":"2025-02-28T11:46:43","slug":"lugares-de-interes","status":"publish","type":"page","link":"https:\/\/lawebdehumada.es\/?page_id=3681","title":{"rendered":"LUGARES DE INTER\u00c9S"},"content":{"rendered":"\n<ul class=\"wp-block-list\">\n<li><a href=\"https:\/\/lawebdehumada.es\/?p=1027\">La ermita del Barrio (actual cementerio)<\/a><\/li>\n\n\n\n<li><a href=\"https:\/\/lawebdehumada.es\/?p=1046\">Ventanas notables<\/a><\/li>\n\n\n\n<li><a href=\"https:\/\/lawebdehumada.es\/?p=806\">Pe\u00f1a Ula\u00f1a, para\u00edso convertido en roca<\/a><\/li>\n\n\n\n<li><a href=\"https:\/\/lawebdehumada.es\/?p=1274\">El sendero de los Pisc\u00e1rdanos<\/a><\/li>\n\n\n\n<li><a href=\"https:\/\/lawebdehumada.es\/?p=1414\">Por las fuentes del Odra<\/a><\/li>\n<\/ul>\n\n\n\n<p><\/p>\n","protected":false},"excerpt":{"rendered":"","protected":false},"author":1,"featured_media":0,"parent":0,"menu_order":0,"comment_status":"closed","ping_status":"closed","template":"","meta":{"h5ap_radio_sources":[],"footnotes":""},"class_list":["post-3681","page","type-page","status-publish","hentry"],"_links":{"self":[{"href":"https:\/\/lawebdehumada.es\/index.php?rest_route=\/wp\/v2\/pages\/3681","targetHints":{"allow":["GET"]}}],"collection":[{"href":"https:\/\/lawebdehumada.es\/index.php?rest_route=\/wp\/v2\/pages"}],"about":[{"href":"https:\/\/lawebdehumada.es\/index.php?rest_route=\/wp\/v2\/types\/page"}],"author":[{"embeddable":true,"href":"https:\/\/lawebdehumada.es\/index.php?rest_route=\/wp\/v2\/users\/1"}],"replies":[{"embeddable":true,"href":"https:\/\/lawebdehumada.es\/index.php?rest_route=%2Fwp%2Fv2%2Fcomments&post=3681"}],"version-history":[{"count":7,"href":"https:\/\/lawebdehumada.es\/index.php?rest_route=\/wp\/v2\/pages\/3681\/revisions"}],"predecessor-version":[{"id":4540,"href":"https:\/\/lawebdehumada.es\/index.php?rest_route=\/wp\/v2\/pages\/3681\/revisions\/4540"}],"wp:attachment":[{"href":"https:\/\/lawebdehumada.es\/index.php?rest_route=%2Fwp%2Fv2%2Fmedia&parent=3681"}],"curies":[{"name":"wp","href":"https:\/\/api.w.org\/{rel}","templated":true}]}}