{"id":4911,"date":"2025-04-07T20:08:52","date_gmt":"2025-04-07T18:08:52","guid":{"rendered":"https:\/\/lawebdehumada.es\/?page_id=4911"},"modified":"2025-04-07T20:17:51","modified_gmt":"2025-04-07T18:17:51","slug":"listado-libros-biblioteca-valdehumada-viva-17-07-2024","status":"publish","type":"page","link":"https:\/\/lawebdehumada.es\/?page_id=4911","title":{"rendered":"LISTADO LIBROS BIBLIOTECA VALDEHUMADA VIVA (17-07-2024)"},"content":{"rendered":"<div class=\"wp-block-image\">\n<figure class=\"aligncenter size-full is-resized\"><img decoding=\"async\" src=\"https:\/\/www.lawebdevaldehumada.es\/wp-content\/uploads\/2023\/02\/Portada.jpg\" alt=\"\" class=\"wp-image-13061\" style=\"width:197px;height:auto\"\/><\/figure>\n<\/div>\n\n\n<p class=\"has-medium-font-size\">En Julio del a\u00f1o 2019 qued\u00f3 inaugurada la biblioteca de la Asociaci\u00f3n Valdehumada Viva. La generosa aportaci\u00f3n de los socios ha hecho posible que actualmente&nbsp; contemos con m\u00e1s de 1400 vol\u00famenes de diversos temas, predominando el g\u00e9nero de novelas, muchas de ellas de reconocida calidad literaria como una colecci\u00f3n de premios planeta y otros libros cuyos autores gozan de prestigio internacional.&nbsp;<\/p>\n\n\n\n<p class=\"has-medium-font-size\">En primer lugar decir que la biblioteca est\u00e1 abierta a todas las personas que deseen utilizarla, sean o no socios de la Asociaci\u00f3n.<\/p>\n\n\n\n<p class=\"has-medium-font-size\">Actualmente contamos con m\u00e1s de 1400 libros, repartidos en cuatro pueblos del valle: Congosto, Humada, Ordej\u00f3n de Abajo y San Mart\u00edn. La idea de la Asociaci\u00f3n es que&nbsp; en cada pueblo exista una \u00absucursal\u00bb siempre que cuente con un local apropiado y una persona que se responsabilice de atender las peticiones de los lectores.<\/p>\n\n\n\n<p class=\"has-medium-font-size\">Para clasificar y facilitar la identificaci\u00f3n de los ejemplares se ha establecido en primer lugar un criterio alfab\u00e9tico por, luego el nombre\/apellido del autor y finalmente el t\u00edtulo de la obra. En el siguiente documento se especifican los temas y su identificador, as\u00ed como las normas de uso de la biblioteca.<\/p>\n\n\n<div class=\"wp-block-image\">\n<figure class=\"aligncenter size-full\"><img decoding=\"async\" src=\"https:\/\/www.lawebdevaldehumada.es\/wp-content\/uploads\/2023\/10\/Cartel3.jpg\" alt=\"\" class=\"wp-image-9946\"\/><\/figure>\n<\/div>\n\n<div class=\"wp-block-image\">\n<figure class=\"aligncenter size-full is-resized\"><img decoding=\"async\" src=\"https:\/\/www.lawebdevaldehumada.es\/wp-content\/uploads\/2023\/10\/Nomas-de-uso.jpg\" alt=\"\" class=\"wp-image-9948\" style=\"aspect-ratio:0.40061791967044286;width:550px;height:auto\"\/><\/figure>\n<\/div>\n\n<div class=\"wp-block-image\">\n<figure class=\"aligncenter size-full is-resized\"><img decoding=\"async\" src=\"https:\/\/www.lawebdevaldehumada.es\/wp-content\/uploads\/2023\/10\/Nomas-de-uso-2.jpg\" alt=\"\" class=\"wp-image-9950\" style=\"aspect-ratio:0.40061791967044286;width:548px;height:auto\"\/><\/figure>\n<\/div>\n\n\n<p class=\"has-medium-font-size\">A continuaci\u00f3n os presentamos la lista completa de vol\u00famenes, actualizado al d\u00eda 17-07-2024, con su identificaci\u00f3n y en qu\u00e9 biblioteca se encuentran, resultado del arduo trabajo realizado por Sonia y Sara que han dedicado a esta tarea muchas horas de su tiempo libre.&nbsp;<\/p>\n\n\n\n<p class=\"has-medium-font-size\">Si quieres puedes ver o descargar el archivo en pdf<\/p>\n\n\n\n<div data-wp-interactive=\"core\/file\" class=\"wp-block-file\"><object data-wp-bind--hidden=\"!state.hasPdfPreview\" hidden class=\"wp-block-file__embed\" data=\"https:\/\/www.lawebdevaldehumada.es\/wp-content\/uploads\/2023\/02\/Catalogo-Biblioteca-Valdehumada-Viva-17.07.2024-1.pdf\" type=\"application\/pdf\" style=\"width:100%;height:2000px\" aria-label=\"Incrustado de Cat\u00e1logo Biblioteca Valdehumada Viva 17.07.2024.\"><\/object><a id=\"wp-block-file--media-a0108363-1fa1-4a01-b3a6-e752b9c1d1ac\" href=\"https:\/\/www.lawebdevaldehumada.es\/wp-content\/uploads\/2023\/02\/Catalogo-Biblioteca-Valdehumada-Viva-17.07.2024-1.pdf\">Cat\u00e1logo Biblioteca Valdehumada Viva 17.07.2024<\/a><a href=\"https:\/\/www.lawebdevaldehumada.es\/wp-content\/uploads\/2023\/02\/Catalogo-Biblioteca-Valdehumada-Viva-17.07.2024-1.pdf\" class=\"wp-block-file__button wp-element-button\" download aria-describedby=\"wp-block-file--media-a0108363-1fa1-4a01-b3a6-e752b9c1d1ac\">Descarga<\/a><\/div>\n\n\n\n<p class=\"has-medium-font-size\"><\/p>\n","protected":false},"excerpt":{"rendered":"<p>En &hellip; <\/p>\n","protected":false},"author":1,"featured_media":0,"parent":0,"menu_order":0,"comment_status":"closed","ping_status":"closed","template":"","meta":{"h5ap_radio_sources":[],"footnotes":""},"class_list":["post-4911","page","type-page","status-publish","hentry"],"_links":{"self":[{"href":"https:\/\/lawebdehumada.es\/index.php?rest_route=\/wp\/v2\/pages\/4911","targetHints":{"allow":["GET"]}}],"collection":[{"href":"https:\/\/lawebdehumada.es\/index.php?rest_route=\/wp\/v2\/pages"}],"about":[{"href":"https:\/\/lawebdehumada.es\/index.php?rest_route=\/wp\/v2\/types\/page"}],"author":[{"embeddable":true,"href":"https:\/\/lawebdehumada.es\/index.php?rest_route=\/wp\/v2\/users\/1"}],"replies":[{"embeddable":true,"href":"https:\/\/lawebdehumada.es\/index.php?rest_route=%2Fwp%2Fv2%2Fcomments&post=4911"}],"version-history":[{"count":1,"href":"https:\/\/lawebdehumada.es\/index.php?rest_route=\/wp\/v2\/pages\/4911\/revisions"}],"predecessor-version":[{"id":4912,"href":"https:\/\/lawebdehumada.es\/index.php?rest_route=\/wp\/v2\/pages\/4911\/revisions\/4912"}],"wp:attachment":[{"href":"https:\/\/lawebdehumada.es\/index.php?rest_route=%2Fwp%2Fv2%2Fmedia&parent=4911"}],"curies":[{"name":"wp","href":"https:\/\/api.w.org\/{rel}","templated":true}]}}